{"id":12,"date":"2025-06-11T11:53:47","date_gmt":"2025-06-11T09:53:47","guid":{"rendered":"https:\/\/dr-khaoulajebali.com\/site33\/?page_id=12"},"modified":"2025-07-04T08:34:37","modified_gmt":"2025-07-04T06:34:37","slug":"details-du-projet","status":"publish","type":"page","link":"https:\/\/dr-khaoulajebali.com\/index.php\/details-du-projet\/","title":{"rendered":"Notre Cabinet"},"content":{"rendered":"\n<div class=\"wp-block-cover alignfull\" style=\"min-height:320px;aspect-ratio:unset;\"><span aria-hidden=\"true\" class=\"wp-block-cover__background has-nv-site-bg-background-color has-background-dim-100 has-background-dim\"><\/span><div class=\"wp-block-cover__inner-container is-layout-flow wp-block-cover-is-layout-flow\">\n<div class=\"wp-block-group\" style=\"padding-right:var(--wp--preset--spacing--30);padding-left:var(--wp--preset--spacing--30)\"><div class=\"wp-block-group__inner-container is-layout-flow wp-block-group-is-layout-flow\">\n<div class=\"wp-block-columns are-vertically-aligned-center is-layout-flex wp-container-core-columns-is-layout-9d6595d7 wp-block-columns-is-layout-flex\">\n<div class=\"wp-block-column is-vertically-aligned-center is-layout-flow wp-block-column-is-layout-flow\" style=\"flex-basis:70%\">\n<div style=\"height:24px\" aria-hidden=\"true\" class=\"wp-block-spacer\"><\/div>\n\n\n\n<h1 class=\"wp-block-heading has-text-align-left has-neve-text-color-color has-text-color\">Bienvenue au Cabinet Dentaire Dr. Khaoula Jebali \u2013 Bardo, Tunis<\/h1>\n\n\n\n<p class=\"has-neve-text-color-color has-text-color\" style=\"font-size:22px\">Situ\u00e9 au c\u0153ur du Bardo, \u00e0 Tunis, le <strong>Cabinet Dentaire Dr. Khaoula Jebali<\/strong> vous accueille dans un environnement moderne et convivial, enti\u00e8rement d\u00e9di\u00e9 \u00e0 la sant\u00e9 et \u00e0 l\u2019esth\u00e9tique de votre sourire.<\/p>\n<\/div>\n\n\n\n<div class=\"wp-block-column is-vertically-aligned-center is-layout-flow wp-block-column-is-layout-flow\" style=\"flex-basis:30%\"><\/div>\n<\/div>\n<\/div><\/div>\n<\/div><\/div>\n\n\n\n<div class=\"wp-block-cover alignfull\" style=\"min-height:600px;aspect-ratio:unset;\"><span aria-hidden=\"true\" class=\"wp-block-cover__background has-nv-light-bg-background-color has-background-dim-100 has-background-dim\"><\/span><div class=\"wp-block-cover__inner-container is-layout-flow wp-block-cover-is-layout-flow\">\n<div class=\"wp-block-group\"><div class=\"wp-block-group__inner-container is-layout-flow wp-block-group-is-layout-flow\">\n<div style=\"height:80px\" aria-hidden=\"true\" class=\"wp-block-spacer\"><\/div>\n\n\n\n<div class=\"wp-block-cover alignwide has-custom-content-position is-position-bottom-left wp-duotone-rgb490166-rgb102255203-1\" style=\"border-radius:32px;padding-top:var(--wp--preset--spacing--60);padding-right:var(--wp--preset--spacing--60);padding-bottom:var(--wp--preset--spacing--60);padding-left:var(--wp--preset--spacing--60);min-height:500px;aspect-ratio:unset;\"><img loading=\"lazy\" decoding=\"async\" width=\"1024\" height=\"1024\" class=\"wp-block-cover__image-background wp-image-198 size-large\" alt=\"\" src=\"https:\/\/dr-khaoulajebali.com\/site33\/wp-content\/uploads\/2025\/07\/501429644_1278438824288265_6066936977180837638_n-1-1024x1024.jpg\" data-object-fit=\"cover\" srcset=\"https:\/\/dr-khaoulajebali.com\/wp-content\/uploads\/2025\/07\/501429644_1278438824288265_6066936977180837638_n-1-1024x1024.jpg 1024w, https:\/\/dr-khaoulajebali.com\/wp-content\/uploads\/2025\/07\/501429644_1278438824288265_6066936977180837638_n-1-300x300.jpg 300w, https:\/\/dr-khaoulajebali.com\/wp-content\/uploads\/2025\/07\/501429644_1278438824288265_6066936977180837638_n-1-150x150.jpg 150w, https:\/\/dr-khaoulajebali.com\/wp-content\/uploads\/2025\/07\/501429644_1278438824288265_6066936977180837638_n-1-768x768.jpg 768w, https:\/\/dr-khaoulajebali.com\/wp-content\/uploads\/2025\/07\/501429644_1278438824288265_6066936977180837638_n-1-450x450.jpg 450w, https:\/\/dr-khaoulajebali.com\/wp-content\/uploads\/2025\/07\/501429644_1278438824288265_6066936977180837638_n-1-420x420.jpg 420w, https:\/\/dr-khaoulajebali.com\/wp-content\/uploads\/2025\/07\/501429644_1278438824288265_6066936977180837638_n-1.jpg 1316w\" sizes=\"auto, (max-width: 1024px) 100vw, 1024px\" \/><span aria-hidden=\"true\" class=\"wp-block-cover__background has-neve-link-color-background-color has-background-dim\"><\/span><div class=\"wp-block-cover__inner-container is-layout-flow wp-block-cover-is-layout-flow\">\n<p class=\"has-text-align-center has-large-font-size\">DR.JEBALI<\/p>\n<\/div><\/div>\n\n\n\n<div style=\"height:60px\" aria-hidden=\"true\" class=\"wp-block-spacer\"><\/div>\n\n\n\n<div class=\"wp-block-columns is-layout-flex wp-container-core-columns-is-layout-9d6595d7 wp-block-columns-is-layout-flex\">\n<div class=\"wp-block-column is-layout-flow wp-block-column-is-layout-flow\" style=\"padding-right:var(--wp--preset--spacing--30);padding-left:var(--wp--preset--spacing--30);flex-basis:67%\">\n<p class=\"has-neve-text-color-color has-text-color\">Notre centre propose une gamme compl\u00e8te de soins dentaires, allant des traitements pr\u00e9ventifs et conservateurs aux interventions sp\u00e9cialis\u00e9es telles que l\u2019implantologie, l\u2019orthodontie et l\u2019esth\u00e9tique dentaire. Gr\u00e2ce \u00e0 un \u00e9quipement de pointe et des techniques innovantes, nous assurons des soins pr\u00e9cis, efficaces et confortables.<\/p>\n\n\n\n<div class=\"wp-block-buttons has-custom-font-size has-small-font-size is-content-justification-left is-layout-flex wp-container-core-buttons-is-layout-fdcfc74e wp-block-buttons-is-layout-flex\">\n<div class=\"wp-block-button is-style-default\"><a class=\"wp-block-button__link has-nv-text-dark-bg-color has-neve-link-color-background-color has-text-color has-background has-link-color has-custom-font-size wp-element-button\" href=\"https:\/\/dr-khaoulajebali.com\/site33\/project-details\/\" style=\"font-size:16px\">Plus D\u00e9tails<\/a><\/div>\n<\/div>\n\n\n\n<div style=\"height:24px\" aria-hidden=\"true\" class=\"wp-block-spacer\"><\/div>\n\n\n\n<div style=\"height:24px\" aria-hidden=\"true\" class=\"wp-block-spacer\"><\/div>\n\n\n\n<div style=\"height:24px\" aria-hidden=\"true\" class=\"wp-block-spacer\"><\/div>\n<\/div>\n\n\n\n<div class=\"wp-block-column is-layout-flow wp-block-column-is-layout-flow\" style=\"padding-right:var(--wp--preset--spacing--30);padding-left:var(--wp--preset--spacing--30);flex-basis:34%\">\n<figure class=\"wp-block-image size-full is-resized is-style-rounded\"><img loading=\"lazy\" decoding=\"async\" width=\"728\" height=\"791\" src=\"https:\/\/dr-khaoulajebali.com\/site33\/wp-content\/uploads\/2025\/07\/Dr-Khaoula-Jebali-2.jpg\" alt=\"\" class=\"wp-image-209\" style=\"width:80px;height:80px\" srcset=\"https:\/\/dr-khaoulajebali.com\/wp-content\/uploads\/2025\/07\/Dr-Khaoula-Jebali-2.jpg 728w, https:\/\/dr-khaoulajebali.com\/wp-content\/uploads\/2025\/07\/Dr-Khaoula-Jebali-2-276x300.jpg 276w\" sizes=\"auto, (max-width: 728px) 100vw, 728px\" \/><\/figure>\n\n\n\n<div style=\"height:24px\" aria-hidden=\"true\" class=\"wp-block-spacer\"><\/div>\n<\/div>\n<\/div>\n\n\n\n<div style=\"height:40px\" aria-hidden=\"true\" class=\"wp-block-spacer\"><\/div>\n<\/div><\/div>\n<\/div><\/div>\n\n\n\n<div class=\"wp-block-cover alignfull\" style=\"min-height:600px;aspect-ratio:unset;\"><span aria-hidden=\"true\" class=\"wp-block-cover__background has-nv-site-bg-background-color has-background-dim-100 has-background-dim\"><\/span><div class=\"wp-block-cover__inner-container is-layout-flow wp-block-cover-is-layout-flow\">\n<div class=\"wp-block-group\"><div class=\"wp-block-group__inner-container is-layout-flow wp-block-group-is-layout-flow\">\n<div style=\"height:80px\" aria-hidden=\"true\" class=\"wp-block-spacer\"><\/div>\n\n\n\n<h2 class=\"wp-block-heading has-neve-text-color-color has-text-color\">Notre Cabinet Dentaire<\/h2>\n\n\n\n<div style=\"height:20px\" aria-hidden=\"true\" class=\"wp-block-spacer\"><\/div>\n\n\n\n<div class=\"wp-block-columns are-vertically-aligned-center is-layout-flex wp-container-core-columns-is-layout-9d6595d7 wp-block-columns-is-layout-flex\">\n<div class=\"wp-block-column is-vertically-aligned-center is-layout-flow wp-block-column-is-layout-flow\" style=\"padding-right:var(--wp--preset--spacing--30);padding-left:var(--wp--preset--spacing--30);flex-basis:50%\">\n<figure class=\"wp-block-image size-full has-custom-border\"><img loading=\"lazy\" decoding=\"async\" width=\"1600\" height=\"1059\" src=\"https:\/\/dr-khaoulajebali.com\/site33\/wp-content\/uploads\/2025\/07\/50469964_2319601918074741_3447010098864455680_n.jpg\" alt=\"\" class=\"wp-image-212\" style=\"border-radius:24px\" srcset=\"https:\/\/dr-khaoulajebali.com\/wp-content\/uploads\/2025\/07\/50469964_2319601918074741_3447010098864455680_n.jpg 1600w, https:\/\/dr-khaoulajebali.com\/wp-content\/uploads\/2025\/07\/50469964_2319601918074741_3447010098864455680_n-300x199.jpg 300w, https:\/\/dr-khaoulajebali.com\/wp-content\/uploads\/2025\/07\/50469964_2319601918074741_3447010098864455680_n-1024x678.jpg 1024w, https:\/\/dr-khaoulajebali.com\/wp-content\/uploads\/2025\/07\/50469964_2319601918074741_3447010098864455680_n-768x508.jpg 768w, https:\/\/dr-khaoulajebali.com\/wp-content\/uploads\/2025\/07\/50469964_2319601918074741_3447010098864455680_n-1536x1017.jpg 1536w\" sizes=\"auto, (max-width: 1600px) 100vw, 1600px\" \/><\/figure>\n<\/div>\n\n\n\n<div class=\"wp-block-column is-vertically-aligned-center is-layout-flow wp-block-column-is-layout-flow\" style=\"padding-right:var(--wp--preset--spacing--30);padding-left:var(--wp--preset--spacing--30);flex-basis:50%\">\n<figure class=\"wp-block-image size-full has-custom-border\"><img loading=\"lazy\" decoding=\"async\" width=\"1440\" height=\"1078\" src=\"https:\/\/dr-khaoulajebali.com\/site33\/wp-content\/uploads\/2025\/07\/472711515_9490621814306013_3188484403590484822_n.jpg\" alt=\"\" class=\"wp-image-211\" style=\"border-radius:24px\" srcset=\"https:\/\/dr-khaoulajebali.com\/wp-content\/uploads\/2025\/07\/472711515_9490621814306013_3188484403590484822_n.jpg 1440w, https:\/\/dr-khaoulajebali.com\/wp-content\/uploads\/2025\/07\/472711515_9490621814306013_3188484403590484822_n-300x225.jpg 300w, https:\/\/dr-khaoulajebali.com\/wp-content\/uploads\/2025\/07\/472711515_9490621814306013_3188484403590484822_n-1024x767.jpg 1024w, https:\/\/dr-khaoulajebali.com\/wp-content\/uploads\/2025\/07\/472711515_9490621814306013_3188484403590484822_n-768x575.jpg 768w\" sizes=\"auto, (max-width: 1440px) 100vw, 1440px\" \/><\/figure>\n<\/div>\n\n\n\n<div class=\"wp-block-column is-vertically-aligned-center is-layout-flow wp-block-column-is-layout-flow\" style=\"padding-right:var(--wp--preset--spacing--30);padding-left:var(--wp--preset--spacing--30);flex-basis:50%\">\n<figure class=\"wp-block-image size-full has-custom-border\"><img loading=\"lazy\" decoding=\"async\" width=\"960\" height=\"684\" src=\"https:\/\/dr-khaoulajebali.com\/site33\/wp-content\/uploads\/2025\/07\/54519005_2408803169154615_4328615280977641472_n-1.jpg\" alt=\"\" class=\"wp-image-213\" style=\"border-radius:24px\" srcset=\"https:\/\/dr-khaoulajebali.com\/wp-content\/uploads\/2025\/07\/54519005_2408803169154615_4328615280977641472_n-1.jpg 960w, https:\/\/dr-khaoulajebali.com\/wp-content\/uploads\/2025\/07\/54519005_2408803169154615_4328615280977641472_n-1-300x214.jpg 300w, https:\/\/dr-khaoulajebali.com\/wp-content\/uploads\/2025\/07\/54519005_2408803169154615_4328615280977641472_n-1-768x547.jpg 768w\" sizes=\"auto, (max-width: 960px) 100vw, 960px\" \/><\/figure>\n<\/div>\n<\/div>\n\n\n\n<div class=\"wp-block-columns are-vertically-aligned-center is-layout-flex wp-container-core-columns-is-layout-9d6595d7 wp-block-columns-is-layout-flex\">\n<div class=\"wp-block-column is-vertically-aligned-center is-layout-flow wp-block-column-is-layout-flow\" style=\"padding-right:var(--wp--preset--spacing--30);padding-left:var(--wp--preset--spacing--30);flex-basis:50%\">\n<figure class=\"wp-block-image size-full has-custom-border\"><img loading=\"lazy\" decoding=\"async\" width=\"1500\" height=\"2000\" src=\"https:\/\/dr-khaoulajebali.com\/site33\/wp-content\/uploads\/2025\/07\/503959126_1285004500298364_8403260874177526943_n.jpg\" alt=\"\" class=\"wp-image-214\" style=\"border-radius:24px\" srcset=\"https:\/\/dr-khaoulajebali.com\/wp-content\/uploads\/2025\/07\/503959126_1285004500298364_8403260874177526943_n.jpg 1500w, https:\/\/dr-khaoulajebali.com\/wp-content\/uploads\/2025\/07\/503959126_1285004500298364_8403260874177526943_n-225x300.jpg 225w, https:\/\/dr-khaoulajebali.com\/wp-content\/uploads\/2025\/07\/503959126_1285004500298364_8403260874177526943_n-768x1024.jpg 768w, https:\/\/dr-khaoulajebali.com\/wp-content\/uploads\/2025\/07\/503959126_1285004500298364_8403260874177526943_n-1152x1536.jpg 1152w\" sizes=\"auto, (max-width: 1500px) 100vw, 1500px\" \/><\/figure>\n<\/div>\n\n\n\n<div class=\"wp-block-column is-vertically-aligned-center is-layout-flow wp-block-column-is-layout-flow\" style=\"padding-right:var(--wp--preset--spacing--30);padding-left:var(--wp--preset--spacing--30);flex-basis:50%\">\n<figure class=\"wp-block-image size-full has-custom-border\"><img loading=\"lazy\" decoding=\"async\" width=\"958\" height=\"960\" src=\"https:\/\/dr-khaoulajebali.com\/site33\/wp-content\/uploads\/2025\/07\/293338240_455759769889512_618561656187254405_n-1.jpg\" alt=\"\" class=\"wp-image-215\" style=\"border-radius:24px\" srcset=\"https:\/\/dr-khaoulajebali.com\/wp-content\/uploads\/2025\/07\/293338240_455759769889512_618561656187254405_n-1.jpg 958w, https:\/\/dr-khaoulajebali.com\/wp-content\/uploads\/2025\/07\/293338240_455759769889512_618561656187254405_n-1-300x300.jpg 300w, https:\/\/dr-khaoulajebali.com\/wp-content\/uploads\/2025\/07\/293338240_455759769889512_618561656187254405_n-1-150x150.jpg 150w, https:\/\/dr-khaoulajebali.com\/wp-content\/uploads\/2025\/07\/293338240_455759769889512_618561656187254405_n-1-768x770.jpg 768w, https:\/\/dr-khaoulajebali.com\/wp-content\/uploads\/2025\/07\/293338240_455759769889512_618561656187254405_n-1-450x450.jpg 450w, https:\/\/dr-khaoulajebali.com\/wp-content\/uploads\/2025\/07\/293338240_455759769889512_618561656187254405_n-1-420x420.jpg 420w\" sizes=\"auto, (max-width: 958px) 100vw, 958px\" \/><\/figure>\n<\/div>\n\n\n\n<div class=\"wp-block-column is-vertically-aligned-center is-layout-flow wp-block-column-is-layout-flow\" style=\"padding-right:var(--wp--preset--spacing--30);padding-left:var(--wp--preset--spacing--30);flex-basis:50%\">\n<figure class=\"wp-block-image size-full has-custom-border\"><img loading=\"lazy\" decoding=\"async\" width=\"1316\" height=\"1316\" src=\"https:\/\/dr-khaoulajebali.com\/site33\/wp-content\/uploads\/2025\/07\/501429644_1278438824288265_6066936977180837638_n-1-1.jpg\" alt=\"\" class=\"wp-image-216\" style=\"border-radius:24px\" srcset=\"https:\/\/dr-khaoulajebali.com\/wp-content\/uploads\/2025\/07\/501429644_1278438824288265_6066936977180837638_n-1-1.jpg 1316w, https:\/\/dr-khaoulajebali.com\/wp-content\/uploads\/2025\/07\/501429644_1278438824288265_6066936977180837638_n-1-1-300x300.jpg 300w, https:\/\/dr-khaoulajebali.com\/wp-content\/uploads\/2025\/07\/501429644_1278438824288265_6066936977180837638_n-1-1-1024x1024.jpg 1024w, https:\/\/dr-khaoulajebali.com\/wp-content\/uploads\/2025\/07\/501429644_1278438824288265_6066936977180837638_n-1-1-150x150.jpg 150w, https:\/\/dr-khaoulajebali.com\/wp-content\/uploads\/2025\/07\/501429644_1278438824288265_6066936977180837638_n-1-1-768x768.jpg 768w, https:\/\/dr-khaoulajebali.com\/wp-content\/uploads\/2025\/07\/501429644_1278438824288265_6066936977180837638_n-1-1-450x450.jpg 450w, https:\/\/dr-khaoulajebali.com\/wp-content\/uploads\/2025\/07\/501429644_1278438824288265_6066936977180837638_n-1-1-420x420.jpg 420w\" sizes=\"auto, (max-width: 1316px) 100vw, 1316px\" \/><\/figure>\n<\/div>\n<\/div>\n\n\n\n<div style=\"height:40px\" aria-hidden=\"true\" class=\"wp-block-spacer\"><\/div>\n<\/div><\/div>\n<\/div><\/div>\n\n\n\n<p><\/p>\n","protected":false},"excerpt":{"rendered":"","protected":false},"author":1,"featured_media":0,"parent":0,"menu_order":0,"comment_status":"closed","ping_status":"closed","template":"","meta":{"neve_meta_sidebar":"","neve_meta_container":"","neve_meta_enable_content_width":"on","neve_meta_content_width":100,"neve_meta_title_alignment":"","neve_meta_author_avatar":"","neve_post_elements_order":"","neve_meta_disable_header":"","neve_meta_disable_footer":"","neve_meta_disable_title":"on","footnotes":""},"class_list":["post-12","page","type-page","status-publish","hentry"],"_links":{"self":[{"href":"https:\/\/dr-khaoulajebali.com\/index.php\/wp-json\/wp\/v2\/pages\/12","targetHints":{"allow":["GET"]}}],"collection":[{"href":"https:\/\/dr-khaoulajebali.com\/index.php\/wp-json\/wp\/v2\/pages"}],"about":[{"href":"https:\/\/dr-khaoulajebali.com\/index.php\/wp-json\/wp\/v2\/types\/page"}],"author":[{"embeddable":true,"href":"https:\/\/dr-khaoulajebali.com\/index.php\/wp-json\/wp\/v2\/users\/1"}],"replies":[{"embeddable":true,"href":"https:\/\/dr-khaoulajebali.com\/index.php\/wp-json\/wp\/v2\/comments?post=12"}],"version-history":[{"count":6,"href":"https:\/\/dr-khaoulajebali.com\/index.php\/wp-json\/wp\/v2\/pages\/12\/revisions"}],"predecessor-version":[{"id":249,"href":"https:\/\/dr-khaoulajebali.com\/index.php\/wp-json\/wp\/v2\/pages\/12\/revisions\/249"}],"wp:attachment":[{"href":"https:\/\/dr-khaoulajebali.com\/index.php\/wp-json\/wp\/v2\/media?parent=12"}],"curies":[{"name":"wp","href":"https:\/\/api.w.org\/{rel}","templated":true}]}}